{"id":223,"date":"2019-09-07T22:19:09","date_gmt":"2019-09-07T21:19:09","guid":{"rendered":"https:\/\/www.stadtkapelle-spielmannszug-pfaffenhofen.de\/wordpress\/?page_id=223"},"modified":"2024-12-01T17:44:31","modified_gmt":"2024-12-01T16:44:31","slug":"geschichte","status":"publish","type":"page","link":"https:\/\/www.stadtkapelle-spielmannszug-pfaffenhofen.de\/wordpress\/index.php\/geschichte\/","title":{"rendered":"Geschichte"},"content":{"rendered":"\n<blockquote class=\"wp-block-quote is-layout-flow wp-block-quote-is-layout-flow\">\n<p><\/p>\n<\/blockquote>\n\n\n\n<div class=\"wp-block-columns is-layout-flex wp-container-core-columns-is-layout-9d6595d7 wp-block-columns-is-layout-flex\">\n<div class=\"wp-block-column is-layout-flow wp-block-column-is-layout-flow\">\n<p><strong>Stadtratsbeschluss vom 26. Mai 1924<br>zur Gr\u00fcndung der Stadtkapelle<\/strong><br><br>Die Gr\u00fcndung einer Musikkapelle durch Herrn Chorregenten Sch\u00f6ttl wird sehr begr\u00fc\u00dft und genehmigt, da\u00df sich die Kapelle den Titel \u201eStadtkapelle Pfaffenhofen&#8220; beilegt und <s>deren Leiter den Titel \u201est\u00e4dt. Musikmeister&#8220; f\u00fchrt.<\/s> da\u00df der st\u00e4d derzeitige <s>st\u00e4d<\/s> Musiklehrer Anton Sch\u00f6ttl als Leiter derselben den Titl \u201est\u00e4dtischer Musikmeister&#8220; f\u00fchrt.<br><br>Zum Ankauf von Musikalien wird der Kapelle f\u00fcr das heurige Jahr ein Zuschu\u00df von 200 M gew\u00e4hrt.<br><br>Stadtrat Pfaffenhofen, 26. Mai 1924<\/p>\n<\/div>\n\n\n\n<div class=\"wp-block-column is-layout-flow wp-block-column-is-layout-flow\">\n<figure class=\"wp-block-image size-large is-resized is-style-default\"><img fetchpriority=\"high\" decoding=\"async\" width=\"1024\" height=\"1024\" src=\"https:\/\/www.stadtkapelle-spielmannszug-pfaffenhofen.de\/wordpress\/wp-content\/uploads\/2024\/12\/c6061201-ed44-4bd1-ba2a-eed553ab2b7d-2-1024x1024.jpg\" alt=\"\" class=\"wp-image-1582\" style=\"width:414px;height:auto\" srcset=\"https:\/\/www.stadtkapelle-spielmannszug-pfaffenhofen.de\/wordpress\/wp-content\/uploads\/2024\/12\/c6061201-ed44-4bd1-ba2a-eed553ab2b7d-2-1024x1024.jpg 1024w, https:\/\/www.stadtkapelle-spielmannszug-pfaffenhofen.de\/wordpress\/wp-content\/uploads\/2024\/12\/c6061201-ed44-4bd1-ba2a-eed553ab2b7d-2-300x300.jpg 300w, https:\/\/www.stadtkapelle-spielmannszug-pfaffenhofen.de\/wordpress\/wp-content\/uploads\/2024\/12\/c6061201-ed44-4bd1-ba2a-eed553ab2b7d-2-150x150.jpg 150w, https:\/\/www.stadtkapelle-spielmannszug-pfaffenhofen.de\/wordpress\/wp-content\/uploads\/2024\/12\/c6061201-ed44-4bd1-ba2a-eed553ab2b7d-2-1536x1536.jpg 1536w\" sizes=\"(max-width: 1024px) 100vw, 1024px\" \/><\/figure>\n<\/div>\n<\/div>\n\n\n\n<font size=\"5\"> <pre class=\"wp-block-verse\"><strong>Viele historische Informationen finden Sie <br>in folgender Ausgabe der Pfaffenhofener Stadtgeschichten:<\/strong><\/pre><\/font>\n\n\n<div class=\"wp-block-image\">\n<figure class=\"aligncenter size-large\"><a href=\"https:\/\/www.stadtkapelle-spielmannszug-pfaffenhofen.de\/wordpress\/wp-content\/uploads\/2024\/09\/24-1464Stadtverwaltung_PAF_Pfaffenhofener_Stadtgeschichten_NR_29_Inhalt_ohne_Beschnitt.pdf\"><img decoding=\"async\" width=\"562\" height=\"797\" src=\"https:\/\/www.stadtkapelle-spielmannszug-pfaffenhofen.de\/wordpress\/wp-content\/uploads\/2024\/09\/2024-09-15-21_10_40-24-1464Stadtverwaltung_PAF_Pfaffenhofener_Stadtgeschichten_NR_29_Inhalt_ohne_Bes-562x797.png\" alt=\"\" class=\"wp-image-1569\"\/><\/a><\/figure>\n<\/div>\n\n\n<font size=\"5\"> <pre class=\"wp-block-verse\"><strong>Ein Gesamt\u00fcberblick? Hier finden Sie s\u00e4mtliche Details:<\/strong><\/pre><\/font>\n\n\n\n<div class=\"wp-block-button\"><a class=\"wp-block-button__link wp-element-button\" href=\"https:\/\/www.stadtkapelle-spielmannszug-pfaffenhofen.de\/wordpress\/wp-content\/uploads\/2019\/09\/Chronologische-Auflistung_1910.pdf\">Chronologische Auflistung<\/a><\/div>\n\n\n\n<p><\/p>\n\n\n\n<p><\/p>\n\n\n\n<font size=\"5\"> <pre class=\"wp-block-verse\"><strong>Wie kam es eigentlich zur Gr\u00fcndung der Stadtkapelle?<\/strong><\/pre><\/font>\n\n\n\n<div class=\"wp-block-button\"><a class=\"wp-block-button__link wp-element-button\" href=\"https:\/\/www.stadtkapelle-spielmannszug-pfaffenhofen.de\/wordpress\/wp-content\/uploads\/2024\/03\/Die-Anfaenge-der-Stadtkapelle-.pdf\"> Die Anf\u00e4nge der Stadtkapelle <\/a><\/div>\n\n\n\n<p><\/p>\n\n\n\n<p><\/p>\n\n\n\n<p><\/p>\n\n\n\n<font size=\"5\"> <pre class=\"wp-block-verse\"><strong>Was geschah in folgenden Zeitabschnitten genau?<\/strong><\/pre><\/font>\n\n\n\n<div class=\"wp-block-button\"><a class=\"wp-block-button__link wp-element-button\" href=\"https:\/\/www.stadtkapelle-spielmannszug-pfaffenhofen.de\/wordpress\/wp-content\/uploads\/2019\/09\/Die-80er.pdf\"> Die 80er Jahre <\/a><\/div>\n\n\n\n<div class=\"wp-block-button\"><a class=\"wp-block-button__link wp-element-button\" href=\"https:\/\/www.stadtkapelle-spielmannszug-pfaffenhofen.de\/wordpress\/wp-content\/uploads\/2020\/03\/Die-90er.pdf\"> Die 90er Jahre <\/a><\/div>\n\n\n\n<div class=\"wp-block-button\"><a class=\"wp-block-button__link wp-element-button\" href=\"https:\/\/www.stadtkapelle-spielmannszug-pfaffenhofen.de\/wordpress\/wp-content\/uploads\/2020\/03\/Vorlage-Stadtkapelle-Homepage-Die-2000er.pdf\"> Die 2000er Jahre <\/a><\/div>\n\n\n\n<div class=\"wp-block-button\"><a class=\"wp-block-button__link wp-element-button\" href=\"https:\/\/www.stadtkapelle-spielmannszug-pfaffenhofen.de\/wordpress\/wp-content\/uploads\/2020\/03\/Stadtkapelle-Homepage-Die-2010er.pdf\"> Die 2010er Jahre<\/a><\/div>\n\n\n\n<p><\/p>\n\n\n\n<p><\/p>\n\n\n\n<p><\/p>\n\n\n\n<font size=\"5\"> <pre class=\"wp-block-verse\"><strong>Wer war eigentlich schon mal Vorstand?<\/strong><\/pre><\/font>\n\n\n\n<div class=\"wp-block-button\"><a class=\"wp-block-button__link wp-element-button\" href=\"https:\/\/www.stadtkapelle-spielmannszug-pfaffenhofen.de\/wordpress\/wp-content\/uploads\/2020\/03\/Stadtkapelle-Homepage-Vorstand-Stand-2012.pdf\">Vorst\u00e4nde<\/a><\/div>\n\n\n\n<p><\/p>\n\n\n\n<p><\/p>\n\n\n\n<font size=\"5\"> <pre class=\"wp-block-verse\"><strong>Wer waren die ersten Musikmeister?<\/strong><\/pre><\/font>\n\n\n\n<div class=\"wp-block-button\"><a class=\"wp-block-button__link wp-element-button\" href=\"https:\/\/www.stadtkapelle-spielmannszug-pfaffenhofen.de\/wordpress\/wp-content\/uploads\/2019\/09\/Die-Ersten-Musikmeister.pdf\"> Die ersten Musikmeister <\/a><\/div>\n\n\n\n<p><\/p>\n","protected":false},"excerpt":{"rendered":"<p>Stadtratsbeschluss vom 26. Mai 1924zur Gr\u00fcndung der Stadtkapelle Die Gr\u00fcndung einer Musikkapelle durch Herrn Chorregenten Sch\u00f6ttl wird sehr begr\u00fc\u00dft und genehmigt, da\u00df sich die Kapelle den Titel \u201eStadtkapelle Pfaffenhofen&#8220; beilegt und deren Leiter den Titel \u201est\u00e4dt. Musikmeister&#8220; f\u00fchrt. da\u00df der st\u00e4d derzeitige st\u00e4d Musiklehrer Anton Sch\u00f6ttl als Leiter derselben den Titl \u201est\u00e4dtischer Musikmeister&#8220; f\u00fchrt. Zum Ankauf von Musikalien wird der Kapelle f\u00fcr das heurige Jahr ein Zuschu\u00df von 200 M gew\u00e4hrt. Stadtrat Pfaffenhofen, 26. Mai 1924 Viele historische Informationen finden Sie in folgender Ausgabe der Pfaffenhofener Stadtgeschichten: Ein Gesamt\u00fcberblick? Hier finden Sie s\u00e4mtliche Details: Wie kam es eigentlich zur Gr\u00fcndung der Stadtkapelle? Was geschah in folgenden Zeitabschnitten genau? Wer war eigentlich schon mal Vorstand? Wer waren die ersten Musikmeister?<\/p>\n","protected":false},"author":1,"featured_media":1414,"parent":0,"menu_order":0,"comment_status":"closed","ping_status":"closed","template":"","meta":{"inline_featured_image":false,"_EventAllDay":false,"_EventTimezone":"","_EventStartDate":"","_EventEndDate":"","_EventStartDateUTC":"","_EventEndDateUTC":"","_EventShowMap":false,"_EventShowMapLink":false,"_EventURL":"","_EventCost":"","_EventCostDescription":"","_EventCurrencySymbol":"","_EventCurrencyCode":"","_EventCurrencyPosition":"","_EventDateTimeSeparator":"","_EventTimeRangeSeparator":"","_EventOrganizerID":[],"_EventVenueID":[],"_OrganizerEmail":"","_OrganizerPhone":"","_OrganizerWebsite":"","_VenueAddress":"","_VenueCity":"","_VenueCountry":"","_VenueProvince":"","_VenueState":"","_VenueZip":"","_VenuePhone":"","_VenueURL":"","_VenueStateProvince":"","_VenueLat":"","_VenueLng":"","_VenueShowMap":false,"_VenueShowMapLink":false,"footnotes":""},"class_list":["post-223","page","type-page","status-publish","has-post-thumbnail"],"jetpack_sharing_enabled":true,"_links":{"self":[{"href":"https:\/\/www.stadtkapelle-spielmannszug-pfaffenhofen.de\/wordpress\/index.php\/wp-json\/wp\/v2\/pages\/223","targetHints":{"allow":["GET"]}}],"collection":[{"href":"https:\/\/www.stadtkapelle-spielmannszug-pfaffenhofen.de\/wordpress\/index.php\/wp-json\/wp\/v2\/pages"}],"about":[{"href":"https:\/\/www.stadtkapelle-spielmannszug-pfaffenhofen.de\/wordpress\/index.php\/wp-json\/wp\/v2\/types\/page"}],"author":[{"embeddable":true,"href":"https:\/\/www.stadtkapelle-spielmannszug-pfaffenhofen.de\/wordpress\/index.php\/wp-json\/wp\/v2\/users\/1"}],"replies":[{"embeddable":true,"href":"https:\/\/www.stadtkapelle-spielmannszug-pfaffenhofen.de\/wordpress\/index.php\/wp-json\/wp\/v2\/comments?post=223"}],"version-history":[{"count":15,"href":"https:\/\/www.stadtkapelle-spielmannszug-pfaffenhofen.de\/wordpress\/index.php\/wp-json\/wp\/v2\/pages\/223\/revisions"}],"predecessor-version":[{"id":1583,"href":"https:\/\/www.stadtkapelle-spielmannszug-pfaffenhofen.de\/wordpress\/index.php\/wp-json\/wp\/v2\/pages\/223\/revisions\/1583"}],"wp:featuredmedia":[{"embeddable":true,"href":"https:\/\/www.stadtkapelle-spielmannszug-pfaffenhofen.de\/wordpress\/index.php\/wp-json\/wp\/v2\/media\/1414"}],"wp:attachment":[{"href":"https:\/\/www.stadtkapelle-spielmannszug-pfaffenhofen.de\/wordpress\/index.php\/wp-json\/wp\/v2\/media?parent=223"}],"curies":[{"name":"wp","href":"https:\/\/api.w.org\/{rel}","templated":true}]}}