{"id":135,"date":"2019-08-24T12:38:01","date_gmt":"2019-08-24T11:38:01","guid":{"rendered":"https:\/\/www.stadtkapelle-spielmannszug-pfaffenhofen.de\/wordpress\/?page_id=135"},"modified":"2023-07-18T22:50:16","modified_gmt":"2023-07-18T21:50:16","slug":"spielmannszug","status":"publish","type":"page","link":"https:\/\/www.stadtkapelle-spielmannszug-pfaffenhofen.de\/wordpress\/index.php\/spielmannszug\/","title":{"rendered":"Spielmannszug"},"content":{"rendered":"\n<figure class=\"wp-block-pullquote\"><blockquote><p>F\u00fcr wen ist der Spielmannszug?<\/p><cite>Ab 8 Jahren k\u00f6nnen die Kinder bei uns miteinsteigen.<\/cite><\/blockquote><\/figure>\n\n\n\n<figure class=\"wp-block-pullquote\"><blockquote><p>Welche Instrumente k\u00f6nnt ihr bei uns spielen?<\/p><cite> Spielmannszugfl\u00f6te, Lyra, Fanfare, Kleine Trommel, Landsknecht Trommel, Gro\u00dfe Trommel<br> In vereinsinterner Ausbildung k\u00f6nnen Spielmannszugfl\u00f6te, Fanfare und kleine Trommel erlernt werden.<\/cite><\/blockquote><\/figure>\n\n\n\n<figure class=\"wp-block-pullquote\"><blockquote><p>Wann proben wir?<\/p><cite> Jeden Donnerstag von 18-20 Uhr <\/cite><\/blockquote><\/figure>\n\n\n\n<figure class=\"wp-block-pullquote\"><blockquote><p>Ich will mehr wissen!<\/p><cite>Unsere Proben werden von Manfred Leopold und unseren beiden Stabf\u00fchrern geleitet.<br>Fragen gerne an den Vorstand:  <br> <a rel=\"noreferrer noopener\" href=\"https:\/\/www.stadtkapelle-spielmannszug-pfaffenhofen.de\/mailformular.php?id=vorstand\" target=\"_blank\">vorstand@stsp-paf.de<\/a> <\/cite><\/blockquote><\/figure>\n","protected":false},"excerpt":{"rendered":"<p>F\u00fcr wen ist der Spielmannszug? Ab 8 Jahren k\u00f6nnen die Kinder bei uns miteinsteigen. Welche Instrumente k\u00f6nnt ihr bei uns spielen? Spielmannszugfl\u00f6te, Lyra, Fanfare, Kleine Trommel, Landsknecht Trommel, Gro\u00dfe Trommel In vereinsinterner Ausbildung k\u00f6nnen Spielmannszugfl\u00f6te, Fanfare und kleine Trommel erlernt werden. Wann proben wir? Jeden Donnerstag von 18-20 Uhr Ich will mehr wissen! Unsere Proben werden von Manfred Leopold und unseren beiden Stabf\u00fchrern geleitet.Fragen gerne an den Vorstand: vorstand@stsp-paf.de<\/p>\n","protected":false},"author":1,"featured_media":455,"parent":0,"menu_order":0,"comment_status":"closed","ping_status":"closed","template":"","meta":{"inline_featured_image":false,"_EventAllDay":false,"_EventTimezone":"","_EventStartDate":"","_EventEndDate":"","_EventStartDateUTC":"","_EventEndDateUTC":"","_EventShowMap":false,"_EventShowMapLink":false,"_EventURL":"","_EventCost":"","_EventCostDescription":"","_EventCurrencySymbol":"","_EventCurrencyCode":"","_EventCurrencyPosition":"","_EventDateTimeSeparator":"","_EventTimeRangeSeparator":"","_EventOrganizerID":[],"_EventVenueID":[],"_OrganizerEmail":"","_OrganizerPhone":"","_OrganizerWebsite":"","_VenueAddress":"","_VenueCity":"","_VenueCountry":"","_VenueProvince":"","_VenueState":"","_VenueZip":"","_VenuePhone":"","_VenueURL":"","_VenueStateProvince":"","_VenueLat":"","_VenueLng":"","_VenueShowMap":false,"_VenueShowMapLink":false,"footnotes":""},"class_list":["post-135","page","type-page","status-publish","has-post-thumbnail"],"jetpack_sharing_enabled":true,"_links":{"self":[{"href":"https:\/\/www.stadtkapelle-spielmannszug-pfaffenhofen.de\/wordpress\/index.php\/wp-json\/wp\/v2\/pages\/135","targetHints":{"allow":["GET"]}}],"collection":[{"href":"https:\/\/www.stadtkapelle-spielmannszug-pfaffenhofen.de\/wordpress\/index.php\/wp-json\/wp\/v2\/pages"}],"about":[{"href":"https:\/\/www.stadtkapelle-spielmannszug-pfaffenhofen.de\/wordpress\/index.php\/wp-json\/wp\/v2\/types\/page"}],"author":[{"embeddable":true,"href":"https:\/\/www.stadtkapelle-spielmannszug-pfaffenhofen.de\/wordpress\/index.php\/wp-json\/wp\/v2\/users\/1"}],"replies":[{"embeddable":true,"href":"https:\/\/www.stadtkapelle-spielmannszug-pfaffenhofen.de\/wordpress\/index.php\/wp-json\/wp\/v2\/comments?post=135"}],"version-history":[{"count":4,"href":"https:\/\/www.stadtkapelle-spielmannszug-pfaffenhofen.de\/wordpress\/index.php\/wp-json\/wp\/v2\/pages\/135\/revisions"}],"predecessor-version":[{"id":1319,"href":"https:\/\/www.stadtkapelle-spielmannszug-pfaffenhofen.de\/wordpress\/index.php\/wp-json\/wp\/v2\/pages\/135\/revisions\/1319"}],"wp:featuredmedia":[{"embeddable":true,"href":"https:\/\/www.stadtkapelle-spielmannszug-pfaffenhofen.de\/wordpress\/index.php\/wp-json\/wp\/v2\/media\/455"}],"wp:attachment":[{"href":"https:\/\/www.stadtkapelle-spielmannszug-pfaffenhofen.de\/wordpress\/index.php\/wp-json\/wp\/v2\/media?parent=135"}],"curies":[{"name":"wp","href":"https:\/\/api.w.org\/{rel}","templated":true}]}}