{"id":131,"date":"2019-08-24T12:30:09","date_gmt":"2019-08-24T11:30:09","guid":{"rendered":"https:\/\/www.stadtkapelle-spielmannszug-pfaffenhofen.de\/wordpress\/?page_id=131"},"modified":"2025-07-30T21:23:40","modified_gmt":"2025-07-30T20:23:40","slug":"stadtkapelle","status":"publish","type":"page","link":"https:\/\/www.stadtkapelle-spielmannszug-pfaffenhofen.de\/wordpress\/index.php\/stadtkapelle\/","title":{"rendered":"Stadtkapelle"},"content":{"rendered":"\t\t<div data-elementor-type=\"wp-post\" data-elementor-id=\"131\" class=\"elementor elementor-131\">\n\t\t\t\t\t\t<section class=\"elementor-section elementor-top-section elementor-element elementor-element-54b7729d elementor-section-boxed elementor-section-height-default elementor-section-height-default wpr-particle-no wpr-jarallax-no wpr-parallax-no wpr-sticky-section-no\" data-id=\"54b7729d\" data-element_type=\"section\" data-e-type=\"section\">\n\t\t\t\t\t\t<div class=\"elementor-container elementor-column-gap-default\">\n\t\t\t\t\t<div class=\"elementor-column elementor-col-100 elementor-top-column elementor-element elementor-element-196673ef\" data-id=\"196673ef\" data-element_type=\"column\" data-e-type=\"column\">\n\t\t\t<div class=\"elementor-widget-wrap elementor-element-populated\">\n\t\t\t\t\t\t<div class=\"elementor-element elementor-element-22cfed64 elementor-widget elementor-widget-text-editor\" data-id=\"22cfed64\" data-element_type=\"widget\" data-e-type=\"widget\" data-widget_type=\"text-editor.default\">\n\t\t\t\t<div class=\"elementor-widget-container\">\n\t\t\t\t\t\t\t\t\t\n<figure class=\"wp-block-pullquote is-style-solid-color\">\n<blockquote>\n<p>Welche St\u00fccke spielen wir?<\/p>\n<cite> Das Repertoire reicht hier von klassisch bis modern bis hin zur traditionellen bayrischer Blasmusik.<br \/><br \/><\/cite><\/blockquote>\n<\/figure>\n\n<figure class=\"wp-block-pullquote is-style-solid-color\">\n<blockquote>\n<p>Wer kann in die Stadtkapelle?<\/p>\n<cite>Jeder der Erfahrung und Spa\u00df an der Blasmusik hat, ist bei uns herzlich Willkommen. <br \/><br \/>Beim \u00dcbertritt von der Jugend in die &#8222;gro\u00dfe&#8220; Stadtkapelle wird mindestens das Musiker-Leistungsabzeichen in Bronze (D1) vorausgesetzt. <\/cite><\/blockquote>\n<\/figure>\n\n<figure class=\"wp-block-pullquote is-style-solid-color\">\n<blockquote>\n<p>Wann proben wir?<\/p>\n<cite>Wir proben jeden Dienstag von 20:00 Uhr bis 22:00 Uhr.<br \/>In den Schulferien entfallen die Proben.<br \/><br \/><\/cite><\/blockquote>\n<\/figure>\n\n<figure class=\"wp-block-pullquote is-style-solid-color\">\n<blockquote>\n<p>Wo proben wir?<\/p>\n<cite> Grund- und Mittelschule, Kapellenweg 14, Pfaffenhofen <br \/><br \/><\/cite><\/blockquote>\n<\/figure>\n\n<figure class=\"wp-block-pullquote is-style-solid-color\">\n<blockquote>\n<p>Ich will mehr wissen!<\/p>\n<cite>Sprich uns einfach an. Oder: Du kannst unseren Dirigenten gerne unter folgender E-Mail-Adresse kontaktieren:<br \/><a href=\"https:\/\/www.stadtkapelle-spielmannszug-pfaffenhofen.de\/mailformular.php?id=dirigent\" target=\"_blank\" rel=\"noreferrer noopener\">dirigent@stsp-paf.de<\/a><br \/><\/cite><\/blockquote>\n<\/figure>\n\t\t\t\t\t\t\t\t<\/div>\n\t\t\t\t<\/div>\n\t\t\t\t\t<\/div>\n\t\t<\/div>\n\t\t\t\t\t<\/div>\n\t\t<\/section>\n\t\t\t\t<\/div>\n\t\t","protected":false},"excerpt":{"rendered":"<p>Welche St\u00fccke spielen wir? Das Repertoire reicht hier von klassisch bis modern bis hin zur traditionellen bayrischer Blasmusik. Wer kann in die Stadtkapelle? Jeder der Erfahrung und Spa\u00df an der Blasmusik hat, ist bei uns herzlich Willkommen. Beim \u00dcbertritt von der Jugend in die &#8222;gro\u00dfe&#8220; Stadtkapelle wird mindestens das Musiker-Leistungsabzeichen in Bronze (D1) vorausgesetzt. Wann proben wir? Wir proben jeden Dienstag von 20:00 Uhr bis 22:00 Uhr.In den Schulferien entfallen die Proben. Wo proben wir? Grund- und Mittelschule, Kapellenweg 14, Pfaffenhofen Ich will mehr wissen! Sprich uns einfach an. Oder: Du kannst unseren Dirigenten gerne unter folgender E-Mail-Adresse kontaktieren:dirigent@stsp-paf.de<\/p>\n","protected":false},"author":1,"featured_media":1403,"parent":0,"menu_order":0,"comment_status":"closed","ping_status":"closed","template":"","meta":{"inline_featured_image":false,"_EventAllDay":false,"_EventTimezone":"","_EventStartDate":"","_EventEndDate":"","_EventStartDateUTC":"","_EventEndDateUTC":"","_EventShowMap":false,"_EventShowMapLink":false,"_EventURL":"","_EventCost":"","_EventCostDescription":"","_EventCurrencySymbol":"","_EventCurrencyCode":"","_EventCurrencyPosition":"","_EventDateTimeSeparator":"","_EventTimeRangeSeparator":"","_EventOrganizerID":[],"_EventVenueID":[],"_OrganizerEmail":"","_OrganizerPhone":"","_OrganizerWebsite":"","_VenueAddress":"","_VenueCity":"","_VenueCountry":"","_VenueProvince":"","_VenueState":"","_VenueZip":"","_VenuePhone":"","_VenueURL":"","_VenueStateProvince":"","_VenueLat":"","_VenueLng":"","_VenueShowMap":false,"_VenueShowMapLink":false,"footnotes":""},"class_list":["post-131","page","type-page","status-publish","has-post-thumbnail"],"jetpack_sharing_enabled":true,"_links":{"self":[{"href":"https:\/\/www.stadtkapelle-spielmannszug-pfaffenhofen.de\/wordpress\/index.php\/wp-json\/wp\/v2\/pages\/131","targetHints":{"allow":["GET"]}}],"collection":[{"href":"https:\/\/www.stadtkapelle-spielmannszug-pfaffenhofen.de\/wordpress\/index.php\/wp-json\/wp\/v2\/pages"}],"about":[{"href":"https:\/\/www.stadtkapelle-spielmannszug-pfaffenhofen.de\/wordpress\/index.php\/wp-json\/wp\/v2\/types\/page"}],"author":[{"embeddable":true,"href":"https:\/\/www.stadtkapelle-spielmannszug-pfaffenhofen.de\/wordpress\/index.php\/wp-json\/wp\/v2\/users\/1"}],"replies":[{"embeddable":true,"href":"https:\/\/www.stadtkapelle-spielmannszug-pfaffenhofen.de\/wordpress\/index.php\/wp-json\/wp\/v2\/comments?post=131"}],"version-history":[{"count":6,"href":"https:\/\/www.stadtkapelle-spielmannszug-pfaffenhofen.de\/wordpress\/index.php\/wp-json\/wp\/v2\/pages\/131\/revisions"}],"predecessor-version":[{"id":1654,"href":"https:\/\/www.stadtkapelle-spielmannszug-pfaffenhofen.de\/wordpress\/index.php\/wp-json\/wp\/v2\/pages\/131\/revisions\/1654"}],"wp:featuredmedia":[{"embeddable":true,"href":"https:\/\/www.stadtkapelle-spielmannszug-pfaffenhofen.de\/wordpress\/index.php\/wp-json\/wp\/v2\/media\/1403"}],"wp:attachment":[{"href":"https:\/\/www.stadtkapelle-spielmannszug-pfaffenhofen.de\/wordpress\/index.php\/wp-json\/wp\/v2\/media?parent=131"}],"curies":[{"name":"wp","href":"https:\/\/api.w.org\/{rel}","templated":true}]}}