{"id":119,"date":"2019-08-24T12:16:55","date_gmt":"2019-08-24T11:16:55","guid":{"rendered":"https:\/\/www.stadtkapelle-spielmannszug-pfaffenhofen.de\/wordpress\/?page_id=119"},"modified":"2024-02-10T17:41:33","modified_gmt":"2024-02-10T16:41:33","slug":"ehrenmitglieder","status":"publish","type":"page","link":"https:\/\/www.stadtkapelle-spielmannszug-pfaffenhofen.de\/wordpress\/index.php\/ehrenmitglieder\/","title":{"rendered":"Ehrenmitglieder"},"content":{"rendered":"\n<div class=\"tmm tmm_ehrenmitglieder\"><div class=\"tmm_2_columns tmm_wrap tmm_theme_f\"><span class=\"tmm_two_containers_tablet\"><\/span><div class=\"tmm_container\"><div class=\"tmm_member\" style=\"border-top:#333333 solid 5px;\"><div class=\"tmm_photo tmm_pic_ehrenmitglieder_0\" style=\"background: url(https:\/\/www.stadtkapelle-spielmannszug-pfaffenhofen.de\/wordpress\/wp-content\/uploads\/2019\/12\/Heinz-Zehnter-scaled-e1678660607298.jpg); margin-left: auto; margin-right:auto; background-size:cover !important;\"><\/div><div class=\"tmm_textblock\"><div class=\"tmm_names\"><span class=\"tmm_fname\">Heinz<\/span> <span class=\"tmm_lname\">Zehnter<\/span><\/div><div class=\"tmm_desc\" style=\"text-align:\"><p>Heinz Zehnter wurde in der Jahreshauptversammlung am 11. M\u00e4rz 2015 f\u00fcr 10 Jahre Vorstand und als langj\u00e4hriger Schellenbaumtr\u00e4ger zum Ehrenmitglied ernannt.<\/p><\/div><div class=\"tmm_scblock\"><\/div><\/div><\/div><div class=\"tmm_member\" style=\"border-top:#333333 solid 5px;\"><div class=\"tmm_photo tmm_pic_ehrenmitglieder_1\" style=\"background: url(https:\/\/www.stadtkapelle-spielmannszug-pfaffenhofen.de\/wordpress\/wp-content\/uploads\/2023\/04\/Heidi-Schaetz-scaled-e1680462751989.jpg); margin-left: auto; margin-right:auto; background-size:cover !important;\"><\/div><div class=\"tmm_textblock\"><div class=\"tmm_names\"><span class=\"tmm_fname\">Heidi<\/span> <span class=\"tmm_lname\">Sch\u00e4tz<\/span><\/div><div class=\"tmm_desc\" style=\"text-align:\"><p>Heidi wurde am 08.04.2006 Ehrenmitglied, da sie 10 Jahre lang als 1. Vorsitzende den Verein f\u00fchrte.<\/p><\/div><div class=\"tmm_scblock\"><\/div><\/div><\/div><span class=\"tmm_two_containers_tablet\"><\/span><\/div><span class=\"tmm_columns_containers_desktop\"><\/span><div class=\"tmm_container\"><div class=\"tmm_member\" style=\"border-top:#333333 solid 5px;\"><div class=\"tmm_textblock\"><div class=\"tmm_names\"><span class=\"tmm_fname\">Karl<\/span> <span class=\"tmm_lname\">Thalmeier<\/span><\/div><div class=\"tmm_desc\" style=\"text-align:\"><p>Karl wurde am 20.09.2002 Ehrenmitglied. F\u00fcr au\u00dfergew\u00f6hnliche Verdienste und Engagement im Verein. Er war bis zuletzt noch als aktiver Musiker in der Stadtkapelle t\u00e4tig. Er verstarb am 21. Juni 2011. Er wird uns stets in dankbarer Erinnerung bleiben.<\/p><\/div><div class=\"tmm_scblock\"><\/div><\/div><\/div><div class=\"tmm_member\" style=\"border-top:#333333 solid 5px;\"><div class=\"tmm_textblock\"><div class=\"tmm_names\"><span class=\"tmm_fname\">Franz<\/span> <span class=\"tmm_lname\">Gary<\/span><\/div><div class=\"tmm_desc\" style=\"text-align:\"><p>1980 wurde Franz zum Ehrenmitglied ernannt \u2013 f\u00fcr 60-j\u00e4hrige T\u00e4tigkeit im Verein und als Vorstand.<\/p><\/div><div class=\"tmm_scblock\"><\/div><\/div><\/div><span class=\"tmm_two_containers_tablet\"><\/span><\/div><span class=\"tmm_columns_containers_desktop\"><\/span><div class=\"tmm_container\"><div class=\"tmm_member\" style=\"border-top:#333333 solid 5px;\"><div class=\"tmm_textblock\"><div class=\"tmm_names\"><span class=\"tmm_fname\">Franz<\/span> <span class=\"tmm_lname\">Leopold<\/span><\/div><div class=\"tmm_desc\" style=\"text-align:\"><p>Franz wurde fuer 60-j\u00e4hrige T\u00e4tigkeit im Verein und langj\u00e4hriger Notenwart als Ehrenmitglied ausgezeichnet.<\/p><\/div><div class=\"tmm_scblock\"><\/div><\/div><\/div><div class=\"tmm_member\" style=\"border-top:#333333 solid 5px;\"><div class=\"tmm_textblock\"><div class=\"tmm_names\"><span class=\"tmm_fname\">Max<\/span> <span class=\"tmm_lname\">Weinberger<\/span><\/div><div class=\"tmm_desc\" style=\"text-align:\"><p>Max Weinberger wurde am 20.12.1977 in W\u00fcrdigung der hervorragenden Verdienste als Kapellmeister und Gr\u00fcnder des Spielmannszuges zum Ehrenvorsitzenden ernannt.<\/p><\/div><div class=\"tmm_scblock\"><\/div><\/div><\/div><span class=\"tmm_two_containers_tablet\"><\/span><\/div><span class=\"tmm_columns_containers_desktop\"><\/span><div class=\"tmm_container\"><div class=\"tmm_member\" style=\"border-top:#333333 solid 5px;\"><div class=\"tmm_textblock\"><div class=\"tmm_names\"><span class=\"tmm_fname\">Toni<\/span> <span class=\"tmm_lname\">Hirschberger sen.<\/span><\/div><div class=\"tmm_desc\" style=\"text-align:\"><p>Durch langj\u00e4hrige Treue und Verbundenheit zum Verein wurde er 2002 zum Ehrenmitglied ernannt. <br>Am 24.05.2007 ist er von uns gegangen.<\/p><\/div><div class=\"tmm_scblock\"><\/div><\/div><\/div><div style=\"clear:both;\"><\/div><\/div><\/div><\/div>\n","protected":false},"excerpt":{"rendered":"","protected":false},"author":1,"featured_media":1415,"parent":0,"menu_order":0,"comment_status":"closed","ping_status":"closed","template":"","meta":{"inline_featured_image":false,"_EventAllDay":false,"_EventTimezone":"","_EventStartDate":"","_EventEndDate":"","_EventStartDateUTC":"","_EventEndDateUTC":"","_EventShowMap":false,"_EventShowMapLink":false,"_EventURL":"","_EventCost":"","_EventCostDescription":"","_EventCurrencySymbol":"","_EventCurrencyCode":"","_EventCurrencyPosition":"","_EventDateTimeSeparator":"","_EventTimeRangeSeparator":"","_EventOrganizerID":[],"_EventVenueID":[],"_OrganizerEmail":"","_OrganizerPhone":"","_OrganizerWebsite":"","_VenueAddress":"","_VenueCity":"","_VenueCountry":"","_VenueProvince":"","_VenueState":"","_VenueZip":"","_VenuePhone":"","_VenueURL":"","_VenueStateProvince":"","_VenueLat":"","_VenueLng":"","_VenueShowMap":false,"_VenueShowMapLink":false,"footnotes":""},"class_list":["post-119","page","type-page","status-publish","has-post-thumbnail"],"jetpack_sharing_enabled":true,"_links":{"self":[{"href":"https:\/\/www.stadtkapelle-spielmannszug-pfaffenhofen.de\/wordpress\/index.php\/wp-json\/wp\/v2\/pages\/119","targetHints":{"allow":["GET"]}}],"collection":[{"href":"https:\/\/www.stadtkapelle-spielmannszug-pfaffenhofen.de\/wordpress\/index.php\/wp-json\/wp\/v2\/pages"}],"about":[{"href":"https:\/\/www.stadtkapelle-spielmannszug-pfaffenhofen.de\/wordpress\/index.php\/wp-json\/wp\/v2\/types\/page"}],"author":[{"embeddable":true,"href":"https:\/\/www.stadtkapelle-spielmannszug-pfaffenhofen.de\/wordpress\/index.php\/wp-json\/wp\/v2\/users\/1"}],"replies":[{"embeddable":true,"href":"https:\/\/www.stadtkapelle-spielmannszug-pfaffenhofen.de\/wordpress\/index.php\/wp-json\/wp\/v2\/comments?post=119"}],"version-history":[{"count":18,"href":"https:\/\/www.stadtkapelle-spielmannszug-pfaffenhofen.de\/wordpress\/index.php\/wp-json\/wp\/v2\/pages\/119\/revisions"}],"predecessor-version":[{"id":1047,"href":"https:\/\/www.stadtkapelle-spielmannszug-pfaffenhofen.de\/wordpress\/index.php\/wp-json\/wp\/v2\/pages\/119\/revisions\/1047"}],"wp:featuredmedia":[{"embeddable":true,"href":"https:\/\/www.stadtkapelle-spielmannszug-pfaffenhofen.de\/wordpress\/index.php\/wp-json\/wp\/v2\/media\/1415"}],"wp:attachment":[{"href":"https:\/\/www.stadtkapelle-spielmannszug-pfaffenhofen.de\/wordpress\/index.php\/wp-json\/wp\/v2\/media?parent=119"}],"curies":[{"name":"wp","href":"https:\/\/api.w.org\/{rel}","templated":true}]}}