{"id":1010,"date":"2022-02-24T22:58:51","date_gmt":"2022-02-24T21:58:51","guid":{"rendered":"https:\/\/www.stadtkapelle-spielmannszug-pfaffenhofen.de\/wordpress\/?page_id=1010"},"modified":"2024-02-07T11:41:09","modified_gmt":"2024-02-07T10:41:09","slug":"instrument-erlernen","status":"publish","type":"page","link":"https:\/\/www.stadtkapelle-spielmannszug-pfaffenhofen.de\/wordpress\/index.php\/instrument-erlernen\/","title":{"rendered":"Instrument erlernen"},"content":{"rendered":"\n<blockquote class=\"wp-block-quote is-layout-flow wp-block-quote-is-layout-flow\">\n<p>Du willst ein Instrument erlernen, um dann sp\u00e4ter bei uns mitzuspielen?<\/p>\n\n\n\n<p>Im Bereich Instrumentalausbildung haben die Stadtkapelle Pfaffenhofen und die St\u00e4dtische Musikschule Pfaffenhofen eine langj\u00e4hrige, erfolgreiche Kooperation: <\/p>\n\n\n\n<p>Den Grundstock des Instrumentenspiels vermittelt die St\u00e4dtischen Musikschule. Hier erlernen Kinder, Jugendliche und Erwachsene bei professionell ausgebildeten Musiklehrern ihr Instrument. Sobald ein angemessener Fortschritt auf dem Instrument erreicht wurde, gibt es f\u00fcr Kinder und Jugendliche die M\u00f6glichkeit, in der Jugendstadtkapelle zu &#8222;Schnuppern&#8220;, Mitzumachen und das Ensemblespiel parallel zum Einzelmusikunterricht zu erlernen. Die Instrumentallehrer der Musikschule helfen dabei, die Noten aus der Jugendstadtkapelle zu vertiefen.<\/p>\n\n\n\n<p>Falls bereits der Unterricht au\u00dferhalb der St\u00e4dtischen Musikschule begonnen wurde, kann bei entsprechender Reife nat\u00fcrlich ebenfalls der Einstieg in der Jugendstadtkapelle erfolgen.<\/p>\n\n\n\n<p>Der Schwierigkeitsgrad und die St\u00fcckeauswahl der Jugendstadtkapelle sind ideal auf den Einstieg ausgerichtet und begeistert die Kinder und Jugendlichen mit modernen, bekannten Melodien und Hits.<\/p>\n\n\n\n<p>F\u00fcr Erwachsene, die ein Instrument erlernen, ist meist der Einstieg direkt bei der Stadtkapelle sinnvoll. Hierzu ist jedoch ein erweitertes K\u00f6nnen am Instrument und Erfahrung im Ensemblespiel notwendig.<\/p>\n\n\n\n<p>Mehr Informationen und Kontaktdaten zur Ausbildung an der St\u00e4dtischen Musikschule finden Sie auf folgender Website: <br><a href=\"https:\/\/pfaffenhofen.de\/artikel\/staedtische-musikschule\/\">St\u00e4dtische Musikschule \u2014 Pfaffenhofen a. d. Ilm<\/a><\/p>\n<\/blockquote>\n","protected":false},"excerpt":{"rendered":"<p>Du willst ein Instrument erlernen, um dann sp\u00e4ter bei uns mitzuspielen? Im Bereich Instrumentalausbildung haben die Stadtkapelle Pfaffenhofen und die St\u00e4dtische Musikschule Pfaffenhofen eine langj\u00e4hrige, erfolgreiche Kooperation: Den Grundstock des Instrumentenspiels vermittelt die St\u00e4dtischen Musikschule. Hier erlernen Kinder, Jugendliche und Erwachsene bei professionell ausgebildeten Musiklehrern ihr Instrument. Sobald ein angemessener Fortschritt auf dem Instrument erreicht wurde, gibt es f\u00fcr Kinder und Jugendliche die M\u00f6glichkeit, in der Jugendstadtkapelle zu &#8222;Schnuppern&#8220;, Mitzumachen und das Ensemblespiel parallel zum Einzelmusikunterricht zu erlernen. Die Instrumentallehrer der Musikschule helfen dabei, die Noten aus der Jugendstadtkapelle zu vertiefen. Falls bereits der Unterricht au\u00dferhalb der St\u00e4dtischen Musikschule begonnen wurde, kann bei entsprechender Reife nat\u00fcrlich ebenfalls der Einstieg in der Jugendstadtkapelle erfolgen. Der Schwierigkeitsgrad und die St\u00fcckeauswahl der Jugendstadtkapelle sind ideal auf den Einstieg ausgerichtet und begeistert die Kinder und Jugendlichen mit modernen, bekannten Melodien und Hits. F\u00fcr Erwachsene, die ein Instrument erlernen, ist meist der Einstieg direkt bei&hellip;<\/p>\n<p> <a class=\"more-link\" href=\"https:\/\/www.stadtkapelle-spielmannszug-pfaffenhofen.de\/wordpress\/index.php\/instrument-erlernen\/\">Weiterlesen<\/a><\/p>\n","protected":false},"author":1,"featured_media":1400,"parent":0,"menu_order":0,"comment_status":"closed","ping_status":"closed","template":"","meta":{"inline_featured_image":false,"_EventAllDay":false,"_EventTimezone":"","_EventStartDate":"","_EventEndDate":"","_EventStartDateUTC":"","_EventEndDateUTC":"","_EventShowMap":false,"_EventShowMapLink":false,"_EventURL":"","_EventCost":"","_EventCostDescription":"","_EventCurrencySymbol":"","_EventCurrencyCode":"","_EventCurrencyPosition":"","_EventDateTimeSeparator":"","_EventTimeRangeSeparator":"","_EventOrganizerID":[],"_EventVenueID":[],"_OrganizerEmail":"","_OrganizerPhone":"","_OrganizerWebsite":"","_VenueAddress":"","_VenueCity":"","_VenueCountry":"","_VenueProvince":"","_VenueState":"","_VenueZip":"","_VenuePhone":"","_VenueURL":"","_VenueStateProvince":"","_VenueLat":"","_VenueLng":"","_VenueShowMap":false,"_VenueShowMapLink":false,"footnotes":""},"class_list":["post-1010","page","type-page","status-publish","has-post-thumbnail"],"jetpack_sharing_enabled":true,"_links":{"self":[{"href":"https:\/\/www.stadtkapelle-spielmannszug-pfaffenhofen.de\/wordpress\/index.php\/wp-json\/wp\/v2\/pages\/1010","targetHints":{"allow":["GET"]}}],"collection":[{"href":"https:\/\/www.stadtkapelle-spielmannszug-pfaffenhofen.de\/wordpress\/index.php\/wp-json\/wp\/v2\/pages"}],"about":[{"href":"https:\/\/www.stadtkapelle-spielmannszug-pfaffenhofen.de\/wordpress\/index.php\/wp-json\/wp\/v2\/types\/page"}],"author":[{"embeddable":true,"href":"https:\/\/www.stadtkapelle-spielmannszug-pfaffenhofen.de\/wordpress\/index.php\/wp-json\/wp\/v2\/users\/1"}],"replies":[{"embeddable":true,"href":"https:\/\/www.stadtkapelle-spielmannszug-pfaffenhofen.de\/wordpress\/index.php\/wp-json\/wp\/v2\/comments?post=1010"}],"version-history":[{"count":10,"href":"https:\/\/www.stadtkapelle-spielmannszug-pfaffenhofen.de\/wordpress\/index.php\/wp-json\/wp\/v2\/pages\/1010\/revisions"}],"predecessor-version":[{"id":1411,"href":"https:\/\/www.stadtkapelle-spielmannszug-pfaffenhofen.de\/wordpress\/index.php\/wp-json\/wp\/v2\/pages\/1010\/revisions\/1411"}],"wp:featuredmedia":[{"embeddable":true,"href":"https:\/\/www.stadtkapelle-spielmannszug-pfaffenhofen.de\/wordpress\/index.php\/wp-json\/wp\/v2\/media\/1400"}],"wp:attachment":[{"href":"https:\/\/www.stadtkapelle-spielmannszug-pfaffenhofen.de\/wordpress\/index.php\/wp-json\/wp\/v2\/media?parent=1010"}],"curies":[{"name":"wp","href":"https:\/\/api.w.org\/{rel}","templated":true}]}}